{"id":17,"date":"2025-06-18T19:47:29","date_gmt":"2025-06-18T17:47:29","guid":{"rendered":"http:\/\/vertprovence.fr\/index.php\/confirmation-de-reservation\/echec-de-la-transaction\/"},"modified":"2025-07-20T13:19:56","modified_gmt":"2025-07-20T11:19:56","slug":"info","status":"publish","type":"page","link":"http:\/\/vertprovence.fr\/index.php\/confirmation-de-reservation\/info\/","title":{"rendered":"Info"},"content":{"rendered":"<p>Malheureusement, votre transaction ne peut \u00eatre compl\u00e9t\u00e9e pour le moment. Veuillez r\u00e9essayer ou nous contacter.<\/p>\n","protected":false},"excerpt":{"rendered":"<p>Malheureusement, votre transaction ne peut \u00eatre compl\u00e9t\u00e9e pour le moment. Veuillez r\u00e9essayer ou nous contacter.<\/p>\n","protected":false},"author":1,"featured_media":0,"parent":13,"menu_order":0,"comment_status":"closed","ping_status":"closed","template":"","meta":{"footnotes":""},"class_list":["post-17","page","type-page","status-publish","hentry"],"_links":{"self":[{"href":"http:\/\/vertprovence.fr\/index.php\/wp-json\/wp\/v2\/pages\/17","targetHints":{"allow":["GET"]}}],"collection":[{"href":"http:\/\/vertprovence.fr\/index.php\/wp-json\/wp\/v2\/pages"}],"about":[{"href":"http:\/\/vertprovence.fr\/index.php\/wp-json\/wp\/v2\/types\/page"}],"author":[{"embeddable":true,"href":"http:\/\/vertprovence.fr\/index.php\/wp-json\/wp\/v2\/users\/1"}],"replies":[{"embeddable":true,"href":"http:\/\/vertprovence.fr\/index.php\/wp-json\/wp\/v2\/comments?post=17"}],"version-history":[{"count":1,"href":"http:\/\/vertprovence.fr\/index.php\/wp-json\/wp\/v2\/pages\/17\/revisions"}],"predecessor-version":[{"id":75,"href":"http:\/\/vertprovence.fr\/index.php\/wp-json\/wp\/v2\/pages\/17\/revisions\/75"}],"up":[{"embeddable":true,"href":"http:\/\/vertprovence.fr\/index.php\/wp-json\/wp\/v2\/pages\/13"}],"wp:attachment":[{"href":"http:\/\/vertprovence.fr\/index.php\/wp-json\/wp\/v2\/media?parent=17"}],"curies":[{"name":"wp","href":"https:\/\/api.w.org\/{rel}","templated":true}]}}